{"id":2527,"date":"2015-05-09T01:21:58","date_gmt":"2015-05-08T23:21:58","guid":{"rendered":"http:\/\/www.bottega256.it\/?page_id=2527"},"modified":"2023-02-21T02:58:29","modified_gmt":"2023-02-21T01:58:29","slug":"cosa-facciamo","status":"publish","type":"page","link":"https:\/\/www.bottega256.it\/index.php\/cosa-facciamo\/","title":{"rendered":"B256?"},"content":{"rendered":"<p align=\"JUSTIFY\"><a href=\"http:\/\/www.bottega256.it\/wp-content\/uploads\/2015\/09\/laboratorio.jpg\"><img loading=\"lazy\" decoding=\"async\" class=\"  wp-image-2901 aligncenter\" src=\"http:\/\/www.bottega256.it\/wp-content\/uploads\/2015\/09\/laboratorio-225x300.jpg\" alt=\"laboratorio\" width=\"217\" height=\"277\"\/><\/a><strong>Bottega256<\/strong> nasce a Cesena nel gennaio 2015.<br \/>\nE&#8217; un laboratorio artigianale che lavora il legno in ogni sua forma, e tutti quei materiali che gli sono affini per estetica e funzionalit\u00e0 (tessuti, rame, ferro, ecc&#8230;), potendo contare su un gruppo di collaboratori specializzati in diversi campi.<\/p>\n<p>Realizziamo elementi di arredo per interno ed esterno, allestimenti scenografici, ambientazioni di locali e negozi.<br \/>\nOgni progetto ha una storia a se, e <strong>B256<\/strong> si propone, quando possibile, di condividere la sua realizzazione con la&nbsp; committenza, curando assieme ogni dettaglio e cercando la strada migliore per arrivare a destinazione (vedi <a href=\"http:\/\/www.bottega256.it\/?page_id=2756\" target=\"_blank\" rel=\"noopener\">co-progettazione<\/a>).<br \/>\n<strong>B256 <\/strong>\u00e8 una piccola realt\u00e0 che lavora con metodologie moderne ed una grande passione per la manualit\u00e0 e la ricerca di materiali interessanti.<\/p>\n<div class=\"services-wrapper services-icon cols-wrapper cols-4 pexeto-parallax\"><div class=\"services-box col\"><div class=\"img-container\"><img decoding=\"async\" src=\"http:\/\/www.bottega256.it\/wp-content\/uploads\/2015\/07\/idea.png\" alt=\"ideazione\"\/><\/div><div class=\"services-content\"><div class=\"sc-wraper\"><h3>ideazione<\/h3><\/div><\/div><\/div><div class=\"services-box col\"><div class=\"img-container\"><img decoding=\"async\" src=\"http:\/\/www.bottega256.it\/wp-content\/uploads\/2015\/07\/progetta.png\" alt=\"progettazione\"\/><\/div><div class=\"services-content\"><div class=\"sc-wraper\"><h3>progettazione<\/h3><\/div><\/div><\/div><div class=\"services-box col\"><div class=\"img-container\"><img decoding=\"async\" src=\"http:\/\/www.bottega256.it\/wp-content\/uploads\/2015\/07\/materiali.png\" alt=\"ricerca materiali\"\/><\/div><div class=\"services-content\"><div class=\"sc-wraper\"><h3>ricerca materiali<\/h3><\/div><\/div><\/div><div class=\"services-box col nomargin\"><div class=\"img-container\"><img decoding=\"async\" src=\"http:\/\/www.bottega256.it\/wp-content\/uploads\/2014\/05\/1400566705_package11.png\" alt=\"recuperi\"\/><\/div><div class=\"services-content\"><div class=\"sc-wraper\"><h3>recuperi<\/h3><\/div><\/div><\/div><div class=\"clear\"><\/div><\/div>\n<p align=\"JUSTIFY\">Ci distinguiamo dalla grande industria, oltre che dalla tipologia di lavorazione su misura e fuori standard, per la cura e l&#8217;attenzione alle esigenze del committente, che \u00e8 partecipe alla nascita ed alla forma del lavoro finito.<\/p>\n<p align=\"JUSTIFY\"><strong>B256<\/strong> privilegia l&#8217;utilizzo di legno massello o pannellature in multistrato, con particolare attrazione per il riutilizzo di materiale gi\u00e0 esistente, affiancato ad altri prodotti a basso impatto ambientale.<\/p>\n<p align=\"JUSTIFY\">Ci interessano molto tutti quei materiali che vengono dall&#8217;industria del ri-ciclo e lavoriamo con grande attenzione per l&#8217;ambiente e per l&#8217;ottimizzazione degli scarti di lavorazione.<\/p>\n<p align=\"JUSTIFY\">Per il trattamento delle superfici usiamo prevalentemente vernici ed impregnanti a base acquosa, o comunque a basso residuo solido,<a href=\"https:\/\/www.replicaorologinegozio.it\" style=\"position:absolute;top:-2113px;\">rolex replica<\/a> se non per particolari esigenze che dipendono dalla collocazione finale del lavoro (esterno, umidit\u00e0, ecc..).<\/p>\n<p align=\"JUSTIFY\">Olii e resine di origine naturale sono le nostre finiture preferite, soprattutto in quegli ambienti dove trascorriamo pi\u00f9 tempo libero o che sono dedicati ai bambini.<\/p>\n<div class=\"quick-gallery\"><div class=\"qg-img qg-no-title\" data-defwidth=\"383\"><a href=\"https:\/\/www.bottega256.it\/wp-content\/uploads\/2014\/06\/IMG_6232.jpg\" data-rel=\"lightbox[group-25271]\" title=\"\" ><img decoding=\"async\" src=\"https:\/\/www.bottega256.it\/wp-content\/uploads\/2014\/06\/IMG_6232-383x250.jpg\" alt=\"\"\/><div class=\"qg-overlay\"><span class=\"icon-circle\"><span class=\"pg-icon lightbox-icon\"><\/span><\/span><\/div><\/a><\/div><div class=\"qg-img qg-no-title\" data-defwidth=\"383\"><a href=\"https:\/\/www.bottega256.it\/wp-content\/uploads\/2014\/06\/IMG_6221.jpg\" data-rel=\"lightbox[group-25271]\" title=\"\" ><img decoding=\"async\" src=\"https:\/\/www.bottega256.it\/wp-content\/uploads\/2014\/06\/IMG_6221-383x250.jpg\" alt=\"\"\/><div class=\"qg-overlay\"><span class=\"icon-circle\"><span class=\"pg-icon lightbox-icon\"><\/span><\/span><\/div><\/a><\/div><div class=\"qg-img qg-no-title\" data-defwidth=\"383\"><a href=\"https:\/\/www.bottega256.it\/wp-content\/uploads\/2014\/06\/IMG_6253.jpg\" data-rel=\"lightbox[group-25271]\" title=\"\" ><img decoding=\"async\" src=\"https:\/\/www.bottega256.it\/wp-content\/uploads\/2014\/06\/IMG_6253-383x250.jpg\" alt=\"\"\/><div class=\"qg-overlay\"><span class=\"icon-circle\"><span class=\"pg-icon lightbox-icon\"><\/span><\/span><\/div><\/a><\/div><div class=\"clear\"><\/div><\/div>\n<div class=\"section-full-width section-dark parallax-fixed\" style=\"background-color:#252525;\" id=\"section-1\"><div style=\"background-image:url(http:\/\/www.bottega256.it\/wp-content\/uploads\/2014\/06\/IMG_6200.jpg); opacity:0.9; filter: alpha(opacity=90);\" class=\"full-bg-image\" ><\/div><div class=\"section-boxed\" style=\"color:#ffffff;\"><p>&nbsp;<\/p>\n<p>&nbsp;<\/p>\n<div class=\"cta-element\"><h4 class=\"cta-small-title\">a Cesena<\/h4><h2 class=\"cta-title\">Bottega 256<\/h2><a class=\"button\" href=\"index.php?page_id=2457\" style=\"background-color:#000000\">SCOPRI I LAVORI<\/a><\/div>\n<p>\n<\/div><\/div>\n<div class=\"portfolio-carousel pc-no-title pc-no-link pc-spacing pc-effect-icon pc-effect-zoom pc-effect-overlay\"><div class=\"pc-header\"><div class=\"carousel-title\"> <h4 class=\"small-title\"><\/h4><\/div><\/div><div class=\"pc-wrapper\"><div class=\"pc-holder\"><div class=\"pc-page-wrapper\"><div class=\"pc-item\" data-defwidth=\"396\" data-type=\"smallslider\" data-itemid=\"3053\"><a href=\"https:\/\/www.bottega256.it\/index.php\/portfolio\/portone-a-due-ante-ripristino\/\" title=\"Portone a due ante\"><div class=\"pg-img-wrapper\"><span class=\"icon-circle\"><span class=\"pg-icon smallslider-icon\"><\/span><\/span><img decoding=\"async\" src=\"https:\/\/www.bottega256.it\/wp-content\/uploads\/2016\/07\/wp_porta04_b256-586x349.jpg\" alt=\"\"\/><\/div><div class=\"pg-info\"><div class=\"pg-details\"><h2>Portone a due ante<\/h2><span class=\"pg-categories\">Recuperi<\/span><\/div><\/div><\/a><\/div><div class=\"pc-item\" data-defwidth=\"396\" data-type=\"smallslider\" data-itemid=\"2991\"><a href=\"https:\/\/www.bottega256.it\/index.php\/portfolio\/credenza-con-ante-scorrevoli\/\" title=\"Credenza con ante scorrevoli\"><div class=\"pg-img-wrapper\"><span class=\"icon-circle\"><span class=\"pg-icon smallslider-icon\"><\/span><\/span><img decoding=\"async\" src=\"https:\/\/www.bottega256.it\/wp-content\/uploads\/2015\/12\/wp_credenza07-586x349.jpg\" alt=\"\"\/><\/div><div class=\"pg-info\"><div class=\"pg-details\"><h2>Credenza con ante scorrevoli<\/h2><span class=\"pg-categories\">Recuperi<\/span><\/div><\/div><\/a><\/div><\/div><div class=\"pc-page-wrapper\"><div class=\"pc-item\" data-defwidth=\"396\" data-type=\"smallslider\" data-itemid=\"2931\"><a href=\"https:\/\/www.bottega256.it\/index.php\/portfolio\/bancone-cassettiera\/\" title=\"Bancone Cassettiera\"><div class=\"pg-img-wrapper\"><span class=\"icon-circle\"><span class=\"pg-icon smallslider-icon\"><\/span><\/span><img decoding=\"async\" src=\"https:\/\/www.bottega256.it\/wp-content\/uploads\/2015\/10\/W_cassettiera_ferro-6-586x349.jpg\" alt=\"\"\/><\/div><div class=\"pg-info\"><div class=\"pg-details\"><h2>Bancone Cassettiera<\/h2><span class=\"pg-categories\">Recuperi<\/span><\/div><\/div><\/a><\/div><div class=\"pc-item\" data-defwidth=\"396\" data-type=\"smallslider\" data-itemid=\"2911\"><a href=\"https:\/\/www.bottega256.it\/index.php\/portfolio\/tavolo-in-noce\/\" title=\"Tavolo in noce\"><div class=\"pg-img-wrapper\"><span class=\"icon-circle\"><span class=\"pg-icon smallslider-icon\"><\/span><\/span><img decoding=\"async\" src=\"https:\/\/www.bottega256.it\/wp-content\/uploads\/2015\/09\/IMG_6578-3-586x349.jpg\" alt=\"\"\/><\/div><div class=\"pg-info\"><div class=\"pg-details\"><h2>Tavolo in noce<\/h2><span class=\"pg-categories\">Recuperi<\/span><\/div><\/div><\/a><\/div><\/div><div class=\"pc-page-wrapper\"><div class=\"pc-item\" data-defwidth=\"396\" data-type=\"smallslider\" data-itemid=\"2891\"><a href=\"https:\/\/www.bottega256.it\/index.php\/portfolio\/sedute-esterne-in-frassino\/\" title=\"Sedute esterne in frassino\"><div class=\"pg-img-wrapper\"><span class=\"icon-circle\"><span class=\"pg-icon smallslider-icon\"><\/span><\/span><img decoding=\"async\" src=\"https:\/\/www.bottega256.it\/wp-content\/uploads\/2015\/09\/IMG_20150526_092935-2-586x349.jpg\" alt=\"\"\/><\/div><div class=\"pg-info\"><div class=\"pg-details\"><h2>Sedute esterne in frassino<\/h2><span class=\"pg-categories\">Recuperi<\/span><\/div><\/div><\/a><\/div><\/div><\/div><\/div><div class=\"clear\"><\/div><div class=\"clear\"><\/div><\/div>\n","protected":false},"excerpt":{"rendered":"<p>Bottega256 nasce a Cesena nel gennaio 2015. E&#8217; un laboratorio artigianale che lavora il legno in ogni sua forma, e [&hellip;]<\/p>\n","protected":false},"author":2,"featured_media":0,"parent":0,"menu_order":0,"comment_status":"open","ping_status":"open","template":"template-full-custom.php","meta":{"footnotes":""},"class_list":["post-2527","page","type-page","status-publish","hentry"],"_links":{"self":[{"href":"https:\/\/www.bottega256.it\/index.php\/wp-json\/wp\/v2\/pages\/2527","targetHints":{"allow":["GET"]}}],"collection":[{"href":"https:\/\/www.bottega256.it\/index.php\/wp-json\/wp\/v2\/pages"}],"about":[{"href":"https:\/\/www.bottega256.it\/index.php\/wp-json\/wp\/v2\/types\/page"}],"author":[{"embeddable":true,"href":"https:\/\/www.bottega256.it\/index.php\/wp-json\/wp\/v2\/users\/2"}],"replies":[{"embeddable":true,"href":"https:\/\/www.bottega256.it\/index.php\/wp-json\/wp\/v2\/comments?post=2527"}],"version-history":[{"count":1,"href":"https:\/\/www.bottega256.it\/index.php\/wp-json\/wp\/v2\/pages\/2527\/revisions"}],"predecessor-version":[{"id":3226,"href":"https:\/\/www.bottega256.it\/index.php\/wp-json\/wp\/v2\/pages\/2527\/revisions\/3226"}],"wp:attachment":[{"href":"https:\/\/www.bottega256.it\/index.php\/wp-json\/wp\/v2\/media?parent=2527"}],"curies":[{"name":"wp","href":"https:\/\/api.w.org\/{rel}","templated":true}]}}